{"id":88,"date":"2023-10-05T10:15:32","date_gmt":"2023-10-05T08:15:32","guid":{"rendered":"http:\/\/www.pixelweise.xyz\/fichtenbauer-mold.at\/?post_type=product&#038;p=88"},"modified":"2023-11-16T12:26:00","modified_gmt":"2023-11-16T11:26:00","slug":"riesling-kamptal","status":"publish","type":"product","link":"https:\/\/www.pixelweise.xyz\/fichtenbauer-mold.at\/produkt\/riesling-kamptal\/","title":{"rendered":"RIESLING <br><strong>KAMPTAL<\/strong>"},"content":{"rendered":"<p><span class=\"s8\">Im Riesling Kamptal DAC treffen sich Trauben von jungen und \u00e4lteren Weing\u00e4rten<\/span><span class=\"s8\">, <\/span><span class=\"s8\">die von <\/span><span class=\"s8\">verschiedene<\/span><span class=\"s8\">n<\/span><span class=\"s8\"> T<\/span><span class=\"s8\">erroirs und Klimabereiche<\/span><span class=\"s8\">n gepr\u00e4gt sind<\/span><span class=\"s8\">. <\/span><span class=\"s8\">Ergebnis ist ein leichter und frischer <\/span><span class=\"s8\">Wein<\/span><span class=\"s8\">, der <\/span><span class=\"s8\">den Riesling in all seinen Facetten zeigt.<\/span> <span class=\"s8\">Sein jugendlicher Charakter bleibt auch in der Flasche lang erhalten, das macht den <\/span><span class=\"s8\">Riesling Kamptal DAC zu<\/span><span class=\"s8\"> einem<\/span><span class=\"s8\"> leichtf\u00fc\u00dfigen Speisenbegleiter<\/span><span class=\"s8\"> und bringt echtes Trinkvergn\u00fcgen.<\/span><\/p>\n<p>&nbsp;<\/p>\n","protected":false},"excerpt":{"rendered":"<p>Im Riesling Kamptal DAC treffen sich Trauben von jungen und \u00e4lteren Weing\u00e4rten, die von verschiedenen Terroirs und Klimabereichen gepr\u00e4gt sind. [&hellip;]<\/p>\n","protected":false},"featured_media":127,"comment_status":"open","ping_status":"closed","template":"","meta":[],"product_cat":[23],"product_tag":[],"class_list":["post-88","product","type-product","status-publish","has-post-thumbnail","hentry","product_cat-kamptal"],"acf":[],"_links":{"self":[{"href":"https:\/\/www.pixelweise.xyz\/fichtenbauer-mold.at\/wp-json\/wp\/v2\/product\/88","targetHints":{"allow":["GET"]}}],"collection":[{"href":"https:\/\/www.pixelweise.xyz\/fichtenbauer-mold.at\/wp-json\/wp\/v2\/product"}],"about":[{"href":"https:\/\/www.pixelweise.xyz\/fichtenbauer-mold.at\/wp-json\/wp\/v2\/types\/product"}],"replies":[{"embeddable":true,"href":"https:\/\/www.pixelweise.xyz\/fichtenbauer-mold.at\/wp-json\/wp\/v2\/comments?post=88"}],"wp:featuredmedia":[{"embeddable":true,"href":"https:\/\/www.pixelweise.xyz\/fichtenbauer-mold.at\/wp-json\/wp\/v2\/media\/127"}],"wp:attachment":[{"href":"https:\/\/www.pixelweise.xyz\/fichtenbauer-mold.at\/wp-json\/wp\/v2\/media?parent=88"}],"wp:term":[{"taxonomy":"product_cat","embeddable":true,"href":"https:\/\/www.pixelweise.xyz\/fichtenbauer-mold.at\/wp-json\/wp\/v2\/product_cat?post=88"},{"taxonomy":"product_tag","embeddable":true,"href":"https:\/\/www.pixelweise.xyz\/fichtenbauer-mold.at\/wp-json\/wp\/v2\/product_tag?post=88"}],"curies":[{"name":"wp","href":"https:\/\/api.w.org\/{rel}","templated":true}]}}