{"id":190,"date":"2023-10-17T11:28:50","date_gmt":"2023-10-17T09:28:50","guid":{"rendered":"http:\/\/www.pixelweise.xyz\/fichtenbauer-mold.at\/?post_type=product&#038;p=190"},"modified":"2023-11-23T08:11:20","modified_gmt":"2023-11-23T07:11:20","slug":"gelber-muskateller","status":"publish","type":"product","link":"https:\/\/www.pixelweise.xyz\/fichtenbauer-mold.at\/produkt\/gelber-muskateller\/","title":{"rendered":"<strong>GELBER MUSKATELLER<\/strong>"},"content":{"rendered":"<p>Direkt an unser Weingut grenzend gedeihen die Reben f\u00fcr diesen leicht und frisch ausgebauten Gelben Muskateller. Ein perfekter Vertreter seiner Art \u2013 nicht zu laut, mit dezenten Holundernoten. Auf vielschichtigem L\u00f6ssboden mit Lehmanteil reifen die Trauben sp\u00e4t heran, kommen im Fr\u00fchjahr in die Flasche und entwickeln sich dort zu einem s\u00fcffigen Wein, der Freude macht.<\/p>\n","protected":false},"excerpt":{"rendered":"<p>Direkt an unser Weingut grenzend gedeihen die Reben f\u00fcr diesen leicht und frisch ausgebauten Gelben Muskateller. Ein perfekter Vertreter seiner [&hellip;]<\/p>\n","protected":false},"featured_media":191,"comment_status":"open","ping_status":"closed","template":"","meta":[],"product_cat":[24],"product_tag":[],"class_list":["post-190","product","type-product","status-publish","has-post-thumbnail","hentry","product_cat-vielfalt"],"acf":[],"_links":{"self":[{"href":"https:\/\/www.pixelweise.xyz\/fichtenbauer-mold.at\/wp-json\/wp\/v2\/product\/190","targetHints":{"allow":["GET"]}}],"collection":[{"href":"https:\/\/www.pixelweise.xyz\/fichtenbauer-mold.at\/wp-json\/wp\/v2\/product"}],"about":[{"href":"https:\/\/www.pixelweise.xyz\/fichtenbauer-mold.at\/wp-json\/wp\/v2\/types\/product"}],"replies":[{"embeddable":true,"href":"https:\/\/www.pixelweise.xyz\/fichtenbauer-mold.at\/wp-json\/wp\/v2\/comments?post=190"}],"wp:featuredmedia":[{"embeddable":true,"href":"https:\/\/www.pixelweise.xyz\/fichtenbauer-mold.at\/wp-json\/wp\/v2\/media\/191"}],"wp:attachment":[{"href":"https:\/\/www.pixelweise.xyz\/fichtenbauer-mold.at\/wp-json\/wp\/v2\/media?parent=190"}],"wp:term":[{"taxonomy":"product_cat","embeddable":true,"href":"https:\/\/www.pixelweise.xyz\/fichtenbauer-mold.at\/wp-json\/wp\/v2\/product_cat?post=190"},{"taxonomy":"product_tag","embeddable":true,"href":"https:\/\/www.pixelweise.xyz\/fichtenbauer-mold.at\/wp-json\/wp\/v2\/product_tag?post=190"}],"curies":[{"name":"wp","href":"https:\/\/api.w.org\/{rel}","templated":true}]}}