{"id":186,"date":"2023-10-17T11:24:42","date_gmt":"2023-10-17T09:24:42","guid":{"rendered":"http:\/\/www.pixelweise.xyz\/fichtenbauer-mold.at\/?post_type=product&#038;p=186"},"modified":"2023-11-23T08:16:02","modified_gmt":"2023-11-23T07:16:02","slug":"rose","status":"publish","type":"product","link":"https:\/\/www.pixelweise.xyz\/fichtenbauer-mold.at\/produkt\/rose\/","title":{"rendered":"<strong>ROS\u00c9<\/strong>"},"content":{"rendered":"<p>In diesem sommerlichen, leicht ausgebauten Wein haben Zweigelt, Cabernet Sauvignon und St. Laurent ein Rendezvous. Jede Rebsorte gedeiht auf anderen B\u00f6den, wobei L\u00f6ss den dominanten Part \u00fcbernimmt. Wir vinifizieren sie separat, erst dann werden die Weine cuvetiert. Im Glas zeigt sich der Ros\u00e9 dicht und w\u00fcrzig, zartrosa und mit fruchtigen Erdbeernoten.<\/p>\n","protected":false},"excerpt":{"rendered":"<p>In diesem sommerlichen, leicht ausgebauten Wein haben Zweigelt, Cabernet Sauvignon und St. Laurent ein Rendezvous. Jede Rebsorte gedeiht auf anderen [&hellip;]<\/p>\n","protected":false},"featured_media":187,"comment_status":"open","ping_status":"closed","template":"","meta":[],"product_cat":[25],"product_tag":[],"class_list":["post-186","product","type-product","status-publish","has-post-thumbnail","hentry","product_cat-rot-rose"],"acf":[],"_links":{"self":[{"href":"https:\/\/www.pixelweise.xyz\/fichtenbauer-mold.at\/wp-json\/wp\/v2\/product\/186","targetHints":{"allow":["GET"]}}],"collection":[{"href":"https:\/\/www.pixelweise.xyz\/fichtenbauer-mold.at\/wp-json\/wp\/v2\/product"}],"about":[{"href":"https:\/\/www.pixelweise.xyz\/fichtenbauer-mold.at\/wp-json\/wp\/v2\/types\/product"}],"replies":[{"embeddable":true,"href":"https:\/\/www.pixelweise.xyz\/fichtenbauer-mold.at\/wp-json\/wp\/v2\/comments?post=186"}],"wp:featuredmedia":[{"embeddable":true,"href":"https:\/\/www.pixelweise.xyz\/fichtenbauer-mold.at\/wp-json\/wp\/v2\/media\/187"}],"wp:attachment":[{"href":"https:\/\/www.pixelweise.xyz\/fichtenbauer-mold.at\/wp-json\/wp\/v2\/media?parent=186"}],"wp:term":[{"taxonomy":"product_cat","embeddable":true,"href":"https:\/\/www.pixelweise.xyz\/fichtenbauer-mold.at\/wp-json\/wp\/v2\/product_cat?post=186"},{"taxonomy":"product_tag","embeddable":true,"href":"https:\/\/www.pixelweise.xyz\/fichtenbauer-mold.at\/wp-json\/wp\/v2\/product_tag?post=186"}],"curies":[{"name":"wp","href":"https:\/\/api.w.org\/{rel}","templated":true}]}}