{"id":182,"date":"2023-10-17T11:16:49","date_gmt":"2023-10-17T09:16:49","guid":{"rendered":"http:\/\/www.pixelweise.xyz\/fichtenbauer-mold.at\/?post_type=product&#038;p=182"},"modified":"2023-11-23T07:54:58","modified_gmt":"2023-11-23T06:54:58","slug":"riesling-steinhaus","status":"publish","type":"product","link":"https:\/\/www.pixelweise.xyz\/fichtenbauer-mold.at\/produkt\/riesling-steinhaus\/","title":{"rendered":"RIESLING <br><strong>RIED STEINHAUS<\/strong><br>KAMPTAL"},"content":{"rendered":"<p>Die steile Terrassenlage mit S\u00fcdausrichtung liegt im Nordwesten von Langenlois auf 230 bis 360 Meter Seeh\u00f6he. Den Untergrund bildet dunkler Amphibolit, der stellenweise von auff\u00e4lligen G\u00e4ngen aus hellen Gesteinen durchzogen wird. Der Oberboden besteht aus einer sehr geringen Auflage aus lehmigem bis sandigem Ton im Zusammenspiel mit Gneis und Glimmerschiefer. Der hohe Steinanteil speichert tags\u00fcber W\u00e4rme und gibt sie nachts ab, was zu einer besonders gleichm\u00e4\u00dfigen Reifung und Auspr\u00e4gung der Terroir-typischen Aromatik f\u00fchrt.<\/p>\n<p><a href=\"https:\/\/www.pixelweise.xyz\/fichtenbauer-mold.at\/weine#riedenkarte\"><strong>RIED STEINHAUS<\/strong><\/a><br \/>\nDie steile Terrassenlage mit S\u00fcdausrichtung liegt im Nordwesten von Langenlois auf 230 bis 360 Meter Seeh\u00f6he. Den Untergrund bildet dunkler Amphibolit, der stellenweise von auff\u00e4lligen G\u00e4ngen aus hellen Gesteinen durchzogen wird. Der Oberboden besteht aus einer sehr geringen Auflage aus lehmigem bis sandigem Ton im Zusammenspiel mit Gneis und Glimmerschiefer.<\/p>\n<p>&nbsp;<\/p>\n","protected":false},"excerpt":{"rendered":"<p>Die steile Terrassenlage mit S\u00fcdausrichtung liegt im Nordwesten von Langenlois auf 230 bis 360 Meter Seeh\u00f6he. Den Untergrund bildet dunkler [&hellip;]<\/p>\n","protected":false},"featured_media":183,"comment_status":"open","ping_status":"closed","template":"","meta":[],"product_cat":[23],"product_tag":[],"class_list":["post-182","product","type-product","status-publish","has-post-thumbnail","hentry","product_cat-kamptal"],"acf":[],"_links":{"self":[{"href":"https:\/\/www.pixelweise.xyz\/fichtenbauer-mold.at\/wp-json\/wp\/v2\/product\/182","targetHints":{"allow":["GET"]}}],"collection":[{"href":"https:\/\/www.pixelweise.xyz\/fichtenbauer-mold.at\/wp-json\/wp\/v2\/product"}],"about":[{"href":"https:\/\/www.pixelweise.xyz\/fichtenbauer-mold.at\/wp-json\/wp\/v2\/types\/product"}],"replies":[{"embeddable":true,"href":"https:\/\/www.pixelweise.xyz\/fichtenbauer-mold.at\/wp-json\/wp\/v2\/comments?post=182"}],"wp:featuredmedia":[{"embeddable":true,"href":"https:\/\/www.pixelweise.xyz\/fichtenbauer-mold.at\/wp-json\/wp\/v2\/media\/183"}],"wp:attachment":[{"href":"https:\/\/www.pixelweise.xyz\/fichtenbauer-mold.at\/wp-json\/wp\/v2\/media?parent=182"}],"wp:term":[{"taxonomy":"product_cat","embeddable":true,"href":"https:\/\/www.pixelweise.xyz\/fichtenbauer-mold.at\/wp-json\/wp\/v2\/product_cat?post=182"},{"taxonomy":"product_tag","embeddable":true,"href":"https:\/\/www.pixelweise.xyz\/fichtenbauer-mold.at\/wp-json\/wp\/v2\/product_tag?post=182"}],"curies":[{"name":"wp","href":"https:\/\/api.w.org\/{rel}","templated":true}]}}