{"id":177,"date":"2023-10-17T11:09:17","date_gmt":"2023-10-17T09:09:17","guid":{"rendered":"http:\/\/www.pixelweise.xyz\/fichtenbauer-mold.at\/?post_type=product&#038;p=177"},"modified":"2023-11-23T08:19:00","modified_gmt":"2023-11-23T07:19:00","slug":"sankt-laurent","status":"publish","type":"product","link":"https:\/\/www.pixelweise.xyz\/fichtenbauer-mold.at\/produkt\/sankt-laurent\/","title":{"rendered":"<strong>SANKT LAURENT<\/strong>"},"content":{"rendered":"<p>Sankt Laurent ist die Diva unter den Weinen \u2013 sehr anspruchsvoll im Weingarten und mit hohem Aufmerksamkeitsbedarf. Wir lesen diese empfindliche Sorte in mehreren Durchg\u00e4ngen. Die Rebst\u00f6cke, auf denen die Trauben f\u00fcr diesen sortentypischen Wein wachsen, sind ein halbes Jahrhundert alt und stehen auf L\u00f6ssb\u00f6den in s\u00fcdlich abfallenden Terrassen. Wir bauen ihn in neuen Barriquef\u00e4ssern aus \u2013 das Holz unterst\u00fctzt seine Aromaentwicklung ebenso wie der biologische S\u00e4ureabbau. Im Glas entfaltet der Sankt Laurent fruchtige Noten von Kirschen, Zwetschken und erdige T\u00f6ne von Roten R\u00fcben.<\/p>\n","protected":false},"excerpt":{"rendered":"<p>Sankt Laurent ist die Diva unter den Weinen \u2013 sehr anspruchsvoll im Weingarten und mit hohem Aufmerksamkeitsbedarf. Wir lesen diese [&hellip;]<\/p>\n","protected":false},"featured_media":178,"comment_status":"open","ping_status":"closed","template":"","meta":[],"product_cat":[25],"product_tag":[],"class_list":["post-177","product","type-product","status-publish","has-post-thumbnail","hentry","product_cat-rot-rose"],"acf":[],"_links":{"self":[{"href":"https:\/\/www.pixelweise.xyz\/fichtenbauer-mold.at\/wp-json\/wp\/v2\/product\/177","targetHints":{"allow":["GET"]}}],"collection":[{"href":"https:\/\/www.pixelweise.xyz\/fichtenbauer-mold.at\/wp-json\/wp\/v2\/product"}],"about":[{"href":"https:\/\/www.pixelweise.xyz\/fichtenbauer-mold.at\/wp-json\/wp\/v2\/types\/product"}],"replies":[{"embeddable":true,"href":"https:\/\/www.pixelweise.xyz\/fichtenbauer-mold.at\/wp-json\/wp\/v2\/comments?post=177"}],"wp:featuredmedia":[{"embeddable":true,"href":"https:\/\/www.pixelweise.xyz\/fichtenbauer-mold.at\/wp-json\/wp\/v2\/media\/178"}],"wp:attachment":[{"href":"https:\/\/www.pixelweise.xyz\/fichtenbauer-mold.at\/wp-json\/wp\/v2\/media?parent=177"}],"wp:term":[{"taxonomy":"product_cat","embeddable":true,"href":"https:\/\/www.pixelweise.xyz\/fichtenbauer-mold.at\/wp-json\/wp\/v2\/product_cat?post=177"},{"taxonomy":"product_tag","embeddable":true,"href":"https:\/\/www.pixelweise.xyz\/fichtenbauer-mold.at\/wp-json\/wp\/v2\/product_tag?post=177"}],"curies":[{"name":"wp","href":"https:\/\/api.w.org\/{rel}","templated":true}]}}