{"id":173,"date":"2023-10-17T11:02:16","date_gmt":"2023-10-17T09:02:16","guid":{"rendered":"http:\/\/www.pixelweise.xyz\/fichtenbauer-mold.at\/?post_type=product&#038;p=173"},"modified":"2023-11-16T12:03:48","modified_gmt":"2023-11-16T11:03:48","slug":"blauer-zweigelt","status":"publish","type":"product","link":"https:\/\/www.pixelweise.xyz\/fichtenbauer-mold.at\/produkt\/blauer-zweigelt\/","title":{"rendered":"<strong>BLAUER ZWEIGELT<\/strong>"},"content":{"rendered":"<p>Weichseln, Kirschen, Zwetschken \u2013 der Blaue Zweigelt tr\u00e4gt das sinnliche Aroma von dunkelrotem Steinobst in sich. Damit diese geschmackliche Vielfalt sp\u00fcrbar bleibt, verzichten wir auf den Ausbau im Barrique Fass und lagern diesen betont sortentypischen Wein in gro\u00dfen Eichenf\u00e4ssern. Seine Trauben wachsen in verschiedenen Weing\u00e4rten und bringen die Vielfalt unterschiedlicher B\u00f6den und Klimabereiche mit. Mit Feingef\u00fchl entscheiden wir je nach Jahrgang \u00fcber die Dauer der G\u00e4rung auf der Maische und lassen dem Blauen Zweigelt Zeit f\u00fcr den biologischen S\u00e4ureabbau. So wird aus ihm ein runder Wein, der echtes Trinkvergn\u00fcgen bereitet.<\/p>\n","protected":false},"excerpt":{"rendered":"<p>Weichseln, Kirschen, Zwetschken \u2013 der Blaue Zweigelt tr\u00e4gt das sinnliche Aroma von dunkelrotem Steinobst in sich. Damit diese geschmackliche Vielfalt [&hellip;]<\/p>\n","protected":false},"featured_media":174,"comment_status":"open","ping_status":"closed","template":"","meta":[],"product_cat":[25],"product_tag":[],"class_list":["post-173","product","type-product","status-publish","has-post-thumbnail","hentry","product_cat-rot-rose"],"acf":[],"_links":{"self":[{"href":"https:\/\/www.pixelweise.xyz\/fichtenbauer-mold.at\/wp-json\/wp\/v2\/product\/173","targetHints":{"allow":["GET"]}}],"collection":[{"href":"https:\/\/www.pixelweise.xyz\/fichtenbauer-mold.at\/wp-json\/wp\/v2\/product"}],"about":[{"href":"https:\/\/www.pixelweise.xyz\/fichtenbauer-mold.at\/wp-json\/wp\/v2\/types\/product"}],"replies":[{"embeddable":true,"href":"https:\/\/www.pixelweise.xyz\/fichtenbauer-mold.at\/wp-json\/wp\/v2\/comments?post=173"}],"wp:featuredmedia":[{"embeddable":true,"href":"https:\/\/www.pixelweise.xyz\/fichtenbauer-mold.at\/wp-json\/wp\/v2\/media\/174"}],"wp:attachment":[{"href":"https:\/\/www.pixelweise.xyz\/fichtenbauer-mold.at\/wp-json\/wp\/v2\/media?parent=173"}],"wp:term":[{"taxonomy":"product_cat","embeddable":true,"href":"https:\/\/www.pixelweise.xyz\/fichtenbauer-mold.at\/wp-json\/wp\/v2\/product_cat?post=173"},{"taxonomy":"product_tag","embeddable":true,"href":"https:\/\/www.pixelweise.xyz\/fichtenbauer-mold.at\/wp-json\/wp\/v2\/product_tag?post=173"}],"curies":[{"name":"wp","href":"https:\/\/api.w.org\/{rel}","templated":true}]}}