{"id":169,"date":"2023-10-17T10:50:29","date_gmt":"2023-10-17T08:50:29","guid":{"rendered":"http:\/\/www.pixelweise.xyz\/fichtenbauer-mold.at\/?post_type=product&#038;p=169"},"modified":"2023-11-22T14:06:10","modified_gmt":"2023-11-22T13:06:10","slug":"gv-panzaun","status":"publish","type":"product","link":"https:\/\/www.pixelweise.xyz\/fichtenbauer-mold.at\/produkt\/gv-panzaun\/","title":{"rendered":"GR\u00dcNER VELTLINER <br><strong>RIED PANZAUN<\/strong> <br>KAMPTAL"},"content":{"rendered":"<p>Auf den tiefgr\u00fcndigen L\u00f6ssb\u00f6den der Ried Panzaun wurzeln unsere \u00e4ltesten Reben. Wir pflegen sie liebevoll und sie schenken uns einen dichten und komplexen Gr\u00fcnen Veltliner, der neben fruchtigen Aromen auch die sortentypischen pfeffrigen Noten zeigt. Das Alter der Reben l\u00e4sst diesen runden Wein kr\u00e4ftiger schmecken, als er tats\u00e4chlich ist. Sein besonderer Charakter manifestiert sich w\u00e4hrend der langen Lagerung auf der Feinhefe.<\/p>\n<p><a href=\"https:\/\/www.pixelweise.xyz\/fichtenbauer-mold.at\/weine\/\"><strong>RIED PANZAUN<\/strong><\/a><br \/>\nAuf einem Hochplateau s\u00fcdlich von Langenlois, auf etwa 220 bis 290 Meter Seeh\u00f6he, liegt diese reine L\u00f6ss-Lage mit ihren vorwiegend flachen Weing\u00e4rten. Mit einer ausgewogenen mineralogischen Zusammensetzung ist ihr lehmig-sandiges, gut speicherf\u00e4higes Terroir der ideale Boden f\u00fcr sortentypische Gr\u00fcne Veltliner.<\/p>\n<p>&nbsp;<\/p>\n","protected":false},"excerpt":{"rendered":"<p>Auf den tiefgr\u00fcndigen L\u00f6ssb\u00f6den der Ried Panzaun wurzeln unsere \u00e4ltesten Reben. Wir pflegen sie liebevoll und sie schenken uns einen [&hellip;]<\/p>\n","protected":false},"featured_media":170,"comment_status":"open","ping_status":"closed","template":"","meta":[],"product_cat":[23],"product_tag":[],"class_list":["post-169","product","type-product","status-publish","has-post-thumbnail","hentry","product_cat-kamptal"],"acf":[],"_links":{"self":[{"href":"https:\/\/www.pixelweise.xyz\/fichtenbauer-mold.at\/wp-json\/wp\/v2\/product\/169","targetHints":{"allow":["GET"]}}],"collection":[{"href":"https:\/\/www.pixelweise.xyz\/fichtenbauer-mold.at\/wp-json\/wp\/v2\/product"}],"about":[{"href":"https:\/\/www.pixelweise.xyz\/fichtenbauer-mold.at\/wp-json\/wp\/v2\/types\/product"}],"replies":[{"embeddable":true,"href":"https:\/\/www.pixelweise.xyz\/fichtenbauer-mold.at\/wp-json\/wp\/v2\/comments?post=169"}],"wp:featuredmedia":[{"embeddable":true,"href":"https:\/\/www.pixelweise.xyz\/fichtenbauer-mold.at\/wp-json\/wp\/v2\/media\/170"}],"wp:attachment":[{"href":"https:\/\/www.pixelweise.xyz\/fichtenbauer-mold.at\/wp-json\/wp\/v2\/media?parent=169"}],"wp:term":[{"taxonomy":"product_cat","embeddable":true,"href":"https:\/\/www.pixelweise.xyz\/fichtenbauer-mold.at\/wp-json\/wp\/v2\/product_cat?post=169"},{"taxonomy":"product_tag","embeddable":true,"href":"https:\/\/www.pixelweise.xyz\/fichtenbauer-mold.at\/wp-json\/wp\/v2\/product_tag?post=169"}],"curies":[{"name":"wp","href":"https:\/\/api.w.org\/{rel}","templated":true}]}}