{"id":165,"date":"2023-10-17T10:45:02","date_gmt":"2023-10-17T08:45:02","guid":{"rendered":"http:\/\/www.pixelweise.xyz\/fichtenbauer-mold.at\/?post_type=product&#038;p=165"},"modified":"2023-11-23T08:21:23","modified_gmt":"2023-11-23T07:21:23","slug":"weisser-burgunder","status":"publish","type":"product","link":"https:\/\/www.pixelweise.xyz\/fichtenbauer-mold.at\/produkt\/weisser-burgunder\/","title":{"rendered":"<strong>WEISSER BURGUNDER<\/strong>"},"content":{"rendered":"<p>Mit dem Wei\u00dfen Burgunder verbindet uns besondere Leidenschaft. Bereits vor drei Generationen auf den vielschichtigen L\u00f6ss- und Schotterb\u00f6den dreier Weing\u00e4rten gepflanzt, besticht dieser unaufdringliche, zug\u00e4ngliche Wein mit seiner Vielseitigkeit. W\u00fcrzig und fruchtig zugleich kommt er mit einer angenehmen Frische ins Glas. Ein runder Wein, der immer passt und mit gutem Lagerpotential begeistert.<\/p>\n","protected":false},"excerpt":{"rendered":"<p>Mit dem Wei\u00dfen Burgunder verbindet uns besondere Leidenschaft. Bereits vor drei Generationen auf den vielschichtigen L\u00f6ss- und Schotterb\u00f6den dreier Weing\u00e4rten [&hellip;]<\/p>\n","protected":false},"featured_media":166,"comment_status":"open","ping_status":"closed","template":"","meta":[],"product_cat":[24],"product_tag":[],"class_list":["post-165","product","type-product","status-publish","has-post-thumbnail","hentry","product_cat-vielfalt"],"acf":[],"_links":{"self":[{"href":"https:\/\/www.pixelweise.xyz\/fichtenbauer-mold.at\/wp-json\/wp\/v2\/product\/165","targetHints":{"allow":["GET"]}}],"collection":[{"href":"https:\/\/www.pixelweise.xyz\/fichtenbauer-mold.at\/wp-json\/wp\/v2\/product"}],"about":[{"href":"https:\/\/www.pixelweise.xyz\/fichtenbauer-mold.at\/wp-json\/wp\/v2\/types\/product"}],"replies":[{"embeddable":true,"href":"https:\/\/www.pixelweise.xyz\/fichtenbauer-mold.at\/wp-json\/wp\/v2\/comments?post=165"}],"wp:featuredmedia":[{"embeddable":true,"href":"https:\/\/www.pixelweise.xyz\/fichtenbauer-mold.at\/wp-json\/wp\/v2\/media\/166"}],"wp:attachment":[{"href":"https:\/\/www.pixelweise.xyz\/fichtenbauer-mold.at\/wp-json\/wp\/v2\/media?parent=165"}],"wp:term":[{"taxonomy":"product_cat","embeddable":true,"href":"https:\/\/www.pixelweise.xyz\/fichtenbauer-mold.at\/wp-json\/wp\/v2\/product_cat?post=165"},{"taxonomy":"product_tag","embeddable":true,"href":"https:\/\/www.pixelweise.xyz\/fichtenbauer-mold.at\/wp-json\/wp\/v2\/product_tag?post=165"}],"curies":[{"name":"wp","href":"https:\/\/api.w.org\/{rel}","templated":true}]}}