{"id":160,"date":"2023-10-17T10:39:55","date_gmt":"2023-10-17T08:39:55","guid":{"rendered":"http:\/\/www.pixelweise.xyz\/fichtenbauer-mold.at\/?post_type=product&#038;p=160"},"modified":"2023-11-23T08:04:27","modified_gmt":"2023-11-23T07:04:27","slug":"gv-dechant","status":"publish","type":"product","link":"https:\/\/www.pixelweise.xyz\/fichtenbauer-mold.at\/produkt\/gv-dechant\/","title":{"rendered":"GR\u00dcNER VELTLINER <br><strong>RIED DECHANT<\/strong><br> KAMPTAL"},"content":{"rendered":"<p>Die besonderen Wetterbedingungen der Ried Dechant nehmen ma\u00dfgeblich Einfluss auf die Entwicklung dieses kr\u00e4ftigen Gr\u00fcnen Veltliners: Nach Norden hin ist die Lage durch einen Baumbestand stark windgesch\u00fctzt. Die Trauben werden dadurch rasch hochreif, der S\u00e4uregehalt bleibt mild. Mindestens ein Jahr lagert die Ernte im Holzfass auf Feinhefe, bevor sie als runder und charakterstarker Wein in die Flasche kommt. Ein Gr\u00fcner Veltliner mit hohem Lagerpotential \u2013 zum Erleben, Schmecken und langsam Genie\u00dfen.<\/p>\n<p><a href=\"https:\/\/www.pixelweise.xyz\/fichtenbauer-mold.at\/weine#riedenkarte\"><strong>RIED DECHANT<\/strong><\/a><br \/>\nDie Ried Dechant auf etwa 260 bis 320 Meter Seeh\u00f6he liegt im Norden von Langenlois. Ihre tiefgr\u00fcndigen L\u00f6ssb\u00f6den sorgen f\u00fcr eine optimale Wasserversorgung der Rebst\u00f6cke. Durch ihre s\u00fcd\u00f6stliche Ausrichtung ist die Lage windgesch\u00fctzt, was eine besonders gleichm\u00e4\u00dfige Reifung der Trauben erm\u00f6glicht.<\/p>\n<p>&nbsp;<\/p>\n","protected":false},"excerpt":{"rendered":"<p>Die besonderen Wetterbedingungen der Ried Dechant nehmen ma\u00dfgeblich Einfluss auf die Entwicklung dieses kr\u00e4ftigen Gr\u00fcnen Veltliners: Nach Norden hin ist [&hellip;]<\/p>\n","protected":false},"featured_media":163,"comment_status":"open","ping_status":"closed","template":"","meta":[],"product_cat":[23],"product_tag":[],"class_list":["post-160","product","type-product","status-publish","has-post-thumbnail","hentry","product_cat-kamptal"],"acf":[],"_links":{"self":[{"href":"https:\/\/www.pixelweise.xyz\/fichtenbauer-mold.at\/wp-json\/wp\/v2\/product\/160","targetHints":{"allow":["GET"]}}],"collection":[{"href":"https:\/\/www.pixelweise.xyz\/fichtenbauer-mold.at\/wp-json\/wp\/v2\/product"}],"about":[{"href":"https:\/\/www.pixelweise.xyz\/fichtenbauer-mold.at\/wp-json\/wp\/v2\/types\/product"}],"replies":[{"embeddable":true,"href":"https:\/\/www.pixelweise.xyz\/fichtenbauer-mold.at\/wp-json\/wp\/v2\/comments?post=160"}],"wp:featuredmedia":[{"embeddable":true,"href":"https:\/\/www.pixelweise.xyz\/fichtenbauer-mold.at\/wp-json\/wp\/v2\/media\/163"}],"wp:attachment":[{"href":"https:\/\/www.pixelweise.xyz\/fichtenbauer-mold.at\/wp-json\/wp\/v2\/media?parent=160"}],"wp:term":[{"taxonomy":"product_cat","embeddable":true,"href":"https:\/\/www.pixelweise.xyz\/fichtenbauer-mold.at\/wp-json\/wp\/v2\/product_cat?post=160"},{"taxonomy":"product_tag","embeddable":true,"href":"https:\/\/www.pixelweise.xyz\/fichtenbauer-mold.at\/wp-json\/wp\/v2\/product_tag?post=160"}],"curies":[{"name":"wp","href":"https:\/\/api.w.org\/{rel}","templated":true}]}}