{"id":156,"date":"2023-10-17T10:33:21","date_gmt":"2023-10-17T08:33:21","guid":{"rendered":"http:\/\/www.pixelweise.xyz\/fichtenbauer-mold.at\/?post_type=product&#038;p=156"},"modified":"2023-11-21T14:18:16","modified_gmt":"2023-11-21T13:18:16","slug":"gv-kamptal","status":"publish","type":"product","link":"https:\/\/www.pixelweise.xyz\/fichtenbauer-mold.at\/produkt\/gv-kamptal\/","title":{"rendered":"GR\u00dcNER VELTLINER <br><strong>KAMPTAL<\/strong>"},"content":{"rendered":"<p>Die ganze Vielfalt des Kamptals vereint sich in diesem leichten und frischen Wein. Trauben aus unterschiedlichen Weing\u00e4rten, gepr\u00e4gt von verschiedenen B\u00f6den und Klimaeinfl\u00fcssen, kommen in der Flasche zu einem Best of Gr\u00fcner Veltliner zusammen. Ein fruchtiger Wein mit starkem Trinkanimo \u2013 der perfekte Begleiter f\u00fcr die sch\u00f6nen Momente des Lebens.<\/p>\n","protected":false},"excerpt":{"rendered":"<p>Die ganze Vielfalt des Kamptals vereint sich in diesem leichten und frischen Wein. Trauben aus unterschiedlichen Weing\u00e4rten, gepr\u00e4gt von verschiedenen [&hellip;]<\/p>\n","protected":false},"featured_media":157,"comment_status":"open","ping_status":"closed","template":"","meta":[],"product_cat":[23],"product_tag":[],"class_list":["post-156","product","type-product","status-publish","has-post-thumbnail","hentry","product_cat-kamptal"],"acf":[],"_links":{"self":[{"href":"https:\/\/www.pixelweise.xyz\/fichtenbauer-mold.at\/wp-json\/wp\/v2\/product\/156","targetHints":{"allow":["GET"]}}],"collection":[{"href":"https:\/\/www.pixelweise.xyz\/fichtenbauer-mold.at\/wp-json\/wp\/v2\/product"}],"about":[{"href":"https:\/\/www.pixelweise.xyz\/fichtenbauer-mold.at\/wp-json\/wp\/v2\/types\/product"}],"replies":[{"embeddable":true,"href":"https:\/\/www.pixelweise.xyz\/fichtenbauer-mold.at\/wp-json\/wp\/v2\/comments?post=156"}],"wp:featuredmedia":[{"embeddable":true,"href":"https:\/\/www.pixelweise.xyz\/fichtenbauer-mold.at\/wp-json\/wp\/v2\/media\/157"}],"wp:attachment":[{"href":"https:\/\/www.pixelweise.xyz\/fichtenbauer-mold.at\/wp-json\/wp\/v2\/media?parent=156"}],"wp:term":[{"taxonomy":"product_cat","embeddable":true,"href":"https:\/\/www.pixelweise.xyz\/fichtenbauer-mold.at\/wp-json\/wp\/v2\/product_cat?post=156"},{"taxonomy":"product_tag","embeddable":true,"href":"https:\/\/www.pixelweise.xyz\/fichtenbauer-mold.at\/wp-json\/wp\/v2\/product_tag?post=156"}],"curies":[{"name":"wp","href":"https:\/\/api.w.org\/{rel}","templated":true}]}}