{"id":399,"date":"2023-11-14T12:46:04","date_gmt":"2023-11-14T11:46:04","guid":{"rendered":"https:\/\/www.pixelweise.xyz\/fichtenbauer-mold.at?page_id=399"},"modified":"2023-11-14T12:57:52","modified_gmt":"2023-11-14T11:57:52","slug":"impressum","status":"publish","type":"page","link":"https:\/\/www.pixelweise.xyz\/fichtenbauer-mold.at\/impressum\/","title":{"rendered":"Impressum"},"content":{"rendered":"<section class=\"wpb-content-wrapper\"><p>[vc_row][vc_column width=&#8220;1\/2&#8243;][vc_custom_heading heading_semantic=&#8220;h1&#8243; text_size=&#8220;h1&#8243; uncode_shortcode_id=&#8220;131746&#8243;]IMPRESSUM[\/vc_custom_heading][\/vc_column][vc_column width=&#8220;1\/2&#8243;][\/vc_column][\/vc_row][vc_row][vc_column width=&#8220;1\/2&#8243;][vc_column_text uncode_shortcode_id=&#8220;120570&#8243;]<strong>WEINGUT FICHTENBAUER-MOLD<\/strong><br \/>\nROSENH\u00dcGELWEG 12<br \/>\n3550 LANGENLOIS . AUSTRIA<\/p>\n<p>+43 2734 3714<br \/>\n<a href=\"mailto:WEINGUT@FICHTENBAUER-MOLD.AT\">WEINGUT@FICHTENBAUER-MOLD.AT<\/a><br \/>\n<a href=\"http:\/\/WWW.FICHTENBAUER-MOLD.AT\">WWW.FICHTENBAUER-MOLD.AT<\/a>[\/vc_column_text][\/vc_column][vc_column width=&#8220;1\/2&#8243;][\/vc_column][\/vc_row][vc_row][vc_column width=&#8220;1\/2&#8243;][vc_column_text uncode_shortcode_id=&#8220;828310&#8243;]<strong>URHEBERRECHT<br \/>\n<\/strong>S\u00e4mtliche Daten, Texte und Bilder sind Eigentum vom Weingut Fichtenbauer-Mold. F\u00fcr die Texte, Bilder und Grafiken beansprucht das Weingut das Urheberrecht. Unerlaubte Verwendung, Reproduktion oder Weitergabe, im Allgemeinen das Downloaden oder Kopieren einzelner Inhalte oder kompletter Seiten, insbesondere von Datenbanken der Website, k\u00f6nnen sowohl zivilrechtlich als auch strafrechtlich verfolgt werden. Die private und\/oder gewerbliche Verwendung bedarf der ausdr\u00fccklichen, schriftlichen Zustimmung.[\/vc_column_text][vc_column_text uncode_shortcode_id=&#8220;208688&#8243;]<strong>LINKS ZU EXTERNEN WEBSITES<br \/>\n<\/strong>Die Website enth\u00e4lt Links zu externen Websites, auf deren Inhalte wir keinen Einfluss haben. Deshalb k\u00f6nnen wir f\u00fcr diese fremden Inhalte auch keine Gew\u00e4hr \u00fcbernehmen. F\u00fcr die Inhalte der verlinkten Seiten ist stets der jeweilige Anbieter oder Betreiber der Seiten verantwortlich. Die publizierten Informationen spiegeln zudem nicht die Meinung des Weingut Fichtenbauer-Mold wider.[\/vc_column_text][\/vc_column][vc_column width=&#8220;1\/2&#8243;][vc_column_text uncode_shortcode_id=&#8220;165640&#8243;]<strong>HAFTUNGSAUSSCHLUSS<br \/>\n<\/strong>Das Weingut Fichtenbauer-Mold ist bestrebt, die ver\u00f6ffentlichte Information immer aktuell und richtig zu halten, \u00fcbernimmt jedoch kein Verantwortung oder Haftung f\u00fcr die Aktualit\u00e4t und Richtigkeit sowie Vollst\u00e4ndigkeit der Inhalte. Insofern kann das Weingut f\u00fcr keinerlei Sch\u00e4den, die sich aus der Nutzung des Inhalts ergeben k\u00f6nnen, haftbar gemacht werden.[\/vc_column_text][vc_column_text uncode_shortcode_id=&#8220;496999&#8243;]<strong>DATENSCHUTZ<br \/>\n<\/strong>Die Nutzung unserer Website ist in der Regel ohne Angabe von personenbezogenen Daten m\u00f6glich. Sofern solche (z.B. Name, Anschrift oder E-Mail-Adresse) erhoben werden, erfolgt dies, soweit m\u00f6glich stets auf freiwilliger Basis. Diese Daten werden ohne Ihre Zustimmung nicht an Dritte weitergegeben. Wir weisen aber ausdr\u00fccklich darauf hin, dass ein l\u00fcckenloser Schutz der Daten vor Zugriffen durch unberechtigte Dritte nicht m\u00f6glich ist. In unseren <a href=\"https:\/\/www.pixelweise.xyz\/fichtenbauer-mold.at\/datenschutz\/\">Datenschutzbestimmungen<\/a> informieren wir Sie ausf\u00fchrlich \u00fcber den Umgang mit Ihren Daten.[\/vc_column_text][\/vc_column][\/vc_row][vc_row][vc_column width=&#8220;1\/1&#8243;][vc_raw_html]JTNDaHIlM0U=[\/vc_raw_html][\/vc_column][\/vc_row][vc_row][vc_column width=&#8220;1\/1&#8243;][vc_column_text uncode_shortcode_id=&#8220;283149&#8243;]<strong>DESIGN &amp; TECHNISCHE UMSETZUNG<br \/>\n<\/strong><\/p>\n<p>SCHERZ Werbeagentur \/\/ <a href=\"http:\/\/www.agentur-scherz.at\">www.agentur-scherz.at<\/a><br \/>\nProgrammierung: <a href=\"https:\/\/www.pixelweise.at\" target=\"_blank\" rel=\"noopener noreferrer\">pixelweise \u2013 die webagentur e.U.<\/a><\/p>\n<p><strong>FOTOS<\/strong><\/p>\n<p>Bianca Hochenauer[\/vc_column_text][\/vc_column][\/vc_row]<\/p>\n<\/section>","protected":false},"excerpt":{"rendered":"<p>[vc_row][vc_column width=&#8220;1\/2&#8243;][vc_custom_heading heading_semantic=&#8220;h1&#8243; text_size=&#8220;h1&#8243; uncode_shortcode_id=&#8220;131746&#8243;]IMPRESSUM[\/vc_custom_heading][\/vc_column][vc_column width=&#8220;1\/2&#8243;][\/vc_column][\/vc_row][vc_row][vc_column width=&#8220;1\/2&#8243;][vc_column_text uncode_shortcode_id=&#8220;120570&#8243;]WEINGUT FICHTENBAUER-MOLD ROSENH\u00dcGELWEG 12 3550 LANGENLOIS . AUSTRIA +43 2734 3714 WEINGUT@FICHTENBAUER-MOLD.AT WWW.FICHTENBAUER-MOLD.AT[\/vc_column_text][\/vc_column][vc_column [&hellip;]<\/p>\n","protected":false},"author":2,"featured_media":0,"parent":0,"menu_order":0,"comment_status":"closed","ping_status":"closed","template":"","meta":{"footnotes":""},"class_list":["post-399","page","type-page","status-publish","hentry"],"acf":[],"_links":{"self":[{"href":"https:\/\/www.pixelweise.xyz\/fichtenbauer-mold.at\/wp-json\/wp\/v2\/pages\/399","targetHints":{"allow":["GET"]}}],"collection":[{"href":"https:\/\/www.pixelweise.xyz\/fichtenbauer-mold.at\/wp-json\/wp\/v2\/pages"}],"about":[{"href":"https:\/\/www.pixelweise.xyz\/fichtenbauer-mold.at\/wp-json\/wp\/v2\/types\/page"}],"author":[{"embeddable":true,"href":"https:\/\/www.pixelweise.xyz\/fichtenbauer-mold.at\/wp-json\/wp\/v2\/users\/2"}],"replies":[{"embeddable":true,"href":"https:\/\/www.pixelweise.xyz\/fichtenbauer-mold.at\/wp-json\/wp\/v2\/comments?post=399"}],"version-history":[{"count":3,"href":"https:\/\/www.pixelweise.xyz\/fichtenbauer-mold.at\/wp-json\/wp\/v2\/pages\/399\/revisions"}],"predecessor-version":[{"id":404,"href":"https:\/\/www.pixelweise.xyz\/fichtenbauer-mold.at\/wp-json\/wp\/v2\/pages\/399\/revisions\/404"}],"wp:attachment":[{"href":"https:\/\/www.pixelweise.xyz\/fichtenbauer-mold.at\/wp-json\/wp\/v2\/media?parent=399"}],"curies":[{"name":"wp","href":"https:\/\/api.w.org\/{rel}","templated":true}]}}