{"id":16,"date":"2023-09-13T11:46:36","date_gmt":"2023-09-13T09:46:36","guid":{"rendered":"http:\/\/www.pixelweise.xyz\/fichtenbauer-mold.at\/?page_id=16"},"modified":"2023-11-23T06:50:44","modified_gmt":"2023-11-23T05:50:44","slug":"weine","status":"publish","type":"page","link":"https:\/\/www.pixelweise.xyz\/fichtenbauer-mold.at\/weine\/","title":{"rendered":"Weine"},"content":{"rendered":"<section class=\"wpb-content-wrapper\"><p>[vc_row row_height_percent=&#8220;0&#8243; override_padding=&#8220;yes&#8220; h_padding=&#8220;1&#8243; top_padding=&#8220;2&#8243; bottom_padding=&#8220;2&#8243; overlay_alpha=&#8220;50&#8243; gutter_size=&#8220;3&#8243; column_width_percent=&#8220;100&#8243; shift_y=&#8220;0&#8243; z_index=&#8220;0&#8243; uncode_shortcode_id=&#8220;281275&#8243;][vc_column column_width_percent=&#8220;100&#8243; gutter_size=&#8220;3&#8243; overlay_alpha=&#8220;50&#8243; shift_x=&#8220;0&#8243; shift_y=&#8220;0&#8243; shift_y_down=&#8220;0&#8243; z_index=&#8220;0&#8243; align_medium=&#8220;align_center_tablet&#8220; medium_width=&#8220;0&#8243; align_mobile=&#8220;align_center_mobile&#8220; mobile_width=&#8220;0&#8243; width=&#8220;1\/2&#8243; uncode_shortcode_id=&#8220;105732&#8243;][vc_row_inner][vc_column_inner column_width_percent=&#8220;100&#8243; gutter_size=&#8220;3&#8243; overlay_alpha=&#8220;50&#8243; shift_x=&#8220;0&#8243; shift_y=&#8220;0&#8243; shift_y_down=&#8220;-5&#8243; z_index=&#8220;0&#8243; medium_width=&#8220;0&#8243; align_mobile=&#8220;align_center_mobile&#8220; mobile_width=&#8220;0&#8243; width=&#8220;1\/1&#8243; uncode_shortcode_id=&#8220;963204&#8243; el_class=&#8220;schriftzug&#8220;][vc_single_image media=&#8220;389&#8243; media_width_use_pixel=&#8220;yes&#8220; uncode_shortcode_id=&#8220;456803&#8243; media_width_pixel=&#8220;180&#8243;][\/vc_column_inner][\/vc_row_inner][vc_custom_heading heading_semantic=&#8220;h1&#8243; text_size=&#8220;h1&#8243; uncode_shortcode_id=&#8220;333758&#8243;]GESCHMACK<br \/>\nDES KAMPTALS[\/vc_custom_heading][\/vc_column][vc_column column_width_percent=&#8220;100&#8243; gutter_size=&#8220;3&#8243; overlay_alpha=&#8220;50&#8243; shift_x=&#8220;0&#8243; shift_y=&#8220;0&#8243; shift_y_down=&#8220;0&#8243; z_index=&#8220;0&#8243; align_medium=&#8220;align_center_tablet&#8220; medium_width=&#8220;0&#8243; align_mobile=&#8220;align_center_mobile&#8220; mobile_width=&#8220;0&#8243; width=&#8220;1\/2&#8243; uncode_shortcode_id=&#8220;142146&#8243;][vc_empty_space empty_h=&#8220;3&#8243; medium_visibility=&#8220;yes&#8220; mobile_visibility=&#8220;yes&#8220;][vc_row_inner][vc_column_inner column_width_percent=&#8220;100&#8243; gutter_size=&#8220;3&#8243; overlay_alpha=&#8220;50&#8243; shift_x=&#8220;0&#8243; shift_y=&#8220;0&#8243; shift_y_down=&#8220;-5&#8243; z_index=&#8220;0&#8243; medium_width=&#8220;0&#8243; mobile_width=&#8220;0&#8243; width=&#8220;1\/2&#8243; uncode_shortcode_id=&#8220;104741&#8243;][\/vc_column_inner][vc_column_inner column_width_percent=&#8220;100&#8243; position_vertical=&#8220;middle&#8220; gutter_size=&#8220;3&#8243; overlay_alpha=&#8220;50&#8243; shift_x=&#8220;0&#8243; shift_y=&#8220;0&#8243; shift_y_down=&#8220;0&#8243; z_index=&#8220;0&#8243; medium_width=&#8220;0&#8243; mobile_width=&#8220;0&#8243; width=&#8220;1\/2&#8243; uncode_shortcode_id=&#8220;903897&#8243;][\/vc_column_inner][\/vc_row_inner][vc_empty_space empty_h=&#8220;1&#8243;][\/vc_column][\/vc_row][vc_row row_height_percent=&#8220;0&#8243; override_padding=&#8220;yes&#8220; h_padding=&#8220;1&#8243; top_padding=&#8220;2&#8243; bottom_padding=&#8220;2&#8243; overlay_alpha=&#8220;50&#8243; gutter_size=&#8220;2&#8243; column_width_percent=&#8220;100&#8243; shift_y=&#8220;0&#8243; z_index=&#8220;0&#8243; uncode_shortcode_id=&#8220;117365&#8243;][vc_column column_width_percent=&#8220;100&#8243; gutter_size=&#8220;4&#8243; overlay_alpha=&#8220;50&#8243; shift_x=&#8220;0&#8243; shift_y=&#8220;0&#8243; shift_y_down=&#8220;0&#8243; z_index=&#8220;0&#8243; medium_width=&#8220;0&#8243; mobile_width=&#8220;0&#8243; width=&#8220;1\/1&#8243;][uncode_index el_id=&#8220;index-581783158&#8243; isotope_mode=&#8220;fitRows&#8220; loop=&#8220;size:8|order_by:date|post_type:product|tax_query:23|taxonomy_count:10&#8243; screen_lg=&#8220;1000&#8243; screen_md=&#8220;600&#8243; screen_sm=&#8220;480&#8243; filtering=&#8220;yes&#8220; filtering_uppercase=&#8220;yes&#8220; filtering_full_width=&#8220;yes&#8220; filtering_position=&#8220;right&#8220; filter_mobile=&#8220;yes&#8220; filter_all_opposite=&#8220;yes&#8220; gutter_size=&#8220;3&#8243; post_items=&#8220;media|featured|onpost|poster,date,title,text|excerpt|90,category|bordered|topright|hide-icon&#8220; product_items=&#8220;media|featured|onpost|original|show-sale|enhanced-atc|inherit-w-atc|atc-typo-default|show-atc,title&#8220; portfolio_items=&#8220;media|featured|onpost|original,title,icon|sm&#8220; images_size=&#8220;three-four&#8220; single_overlay_color=&#8220;color-wayh&#8220; single_overlay_opacity=&#8220;5&#8243; single_image_magnetic=&#8220;yes&#8220; single_h_align=&#8220;center&#8220; single_padding=&#8220;2&#8243; single_title_family=&#8220;font-201726&#8243; single_title_dimension=&#8220;h3&#8243; single_title_weight=&#8220;300&#8243; single_border=&#8220;yes&#8220; single_css_animation=&#8220;bottom-t-top&#8220; single_animation_delay=&#8220;200&#8243; custom_order=&#8220;yes&#8220; single_icon=&#8220;fa fa-plus2&#8243; uncode_shortcode_id=&#8220;590543&#8243; order_ids=&#8220;156,169,160,88,182&#8243;][\/vc_column][\/vc_row][vc_row row_height_percent=&#8220;0&#8243; override_padding=&#8220;yes&#8220; h_padding=&#8220;1&#8243; top_padding=&#8220;2&#8243; bottom_padding=&#8220;2&#8243; overlay_alpha=&#8220;50&#8243; gutter_size=&#8220;3&#8243; column_width_percent=&#8220;100&#8243; shift_y=&#8220;0&#8243; z_index=&#8220;0&#8243; uncode_shortcode_id=&#8220;281275&#8243;][vc_column column_width_percent=&#8220;100&#8243; gutter_size=&#8220;3&#8243; overlay_alpha=&#8220;50&#8243; shift_x=&#8220;0&#8243; shift_y=&#8220;0&#8243; shift_y_down=&#8220;0&#8243; z_index=&#8220;0&#8243; align_medium=&#8220;align_center_tablet&#8220; medium_width=&#8220;0&#8243; align_mobile=&#8220;align_center_mobile&#8220; mobile_width=&#8220;0&#8243; width=&#8220;1\/2&#8243; uncode_shortcode_id=&#8220;213709&#8243;][vc_row_inner][vc_column_inner column_width_percent=&#8220;100&#8243; gutter_size=&#8220;3&#8243; overlay_alpha=&#8220;50&#8243; shift_x=&#8220;0&#8243; shift_y=&#8220;0&#8243; shift_y_down=&#8220;-5&#8243; z_index=&#8220;0&#8243; medium_width=&#8220;0&#8243; mobile_width=&#8220;0&#8243; width=&#8220;1\/1&#8243; uncode_shortcode_id=&#8220;753151&#8243; el_class=&#8220;schriftzug&#8220;][vc_single_image media=&#8220;234&#8243; media_width_use_pixel=&#8220;yes&#8220; uncode_shortcode_id=&#8220;165556&#8243; media_width_pixel=&#8220;180&#8243;][\/vc_column_inner][\/vc_row_inner][vc_custom_heading heading_semantic=&#8220;h1&#8243; text_size=&#8220;h1&#8243; uncode_shortcode_id=&#8220;826610&#8243;]AUS DEM<br \/>\nWEINGARTEN[\/vc_custom_heading][\/vc_column][vc_column width=&#8220;1\/2&#8243;][vc_empty_space empty_h=&#8220;3&#8243; medium_visibility=&#8220;yes&#8220; mobile_visibility=&#8220;yes&#8220;][vc_row_inner][vc_column_inner column_width_percent=&#8220;100&#8243; gutter_size=&#8220;3&#8243; overlay_alpha=&#8220;50&#8243; shift_x=&#8220;0&#8243; shift_y=&#8220;0&#8243; shift_y_down=&#8220;-5&#8243; z_index=&#8220;0&#8243; medium_width=&#8220;0&#8243; mobile_width=&#8220;0&#8243; width=&#8220;1\/2&#8243; uncode_shortcode_id=&#8220;104741&#8243;][\/vc_column_inner][vc_column_inner column_width_percent=&#8220;100&#8243; position_vertical=&#8220;middle&#8220; gutter_size=&#8220;3&#8243; overlay_alpha=&#8220;50&#8243; shift_x=&#8220;0&#8243; shift_y=&#8220;0&#8243; shift_y_down=&#8220;0&#8243; z_index=&#8220;0&#8243; medium_width=&#8220;0&#8243; mobile_width=&#8220;0&#8243; width=&#8220;1\/2&#8243; uncode_shortcode_id=&#8220;293085&#8243;][\/vc_column_inner][\/vc_row_inner][vc_empty_space empty_h=&#8220;1&#8243;][\/vc_column][\/vc_row][vc_row row_height_percent=&#8220;0&#8243; override_padding=&#8220;yes&#8220; h_padding=&#8220;1&#8243; top_padding=&#8220;2&#8243; bottom_padding=&#8220;2&#8243; overlay_alpha=&#8220;50&#8243; gutter_size=&#8220;2&#8243; column_width_percent=&#8220;100&#8243; shift_y=&#8220;0&#8243; z_index=&#8220;0&#8243; uncode_shortcode_id=&#8220;117365&#8243;][vc_column column_width_percent=&#8220;100&#8243; gutter_size=&#8220;4&#8243; overlay_alpha=&#8220;50&#8243; shift_x=&#8220;0&#8243; shift_y=&#8220;0&#8243; shift_y_down=&#8220;0&#8243; z_index=&#8220;0&#8243; medium_width=&#8220;0&#8243; mobile_width=&#8220;0&#8243; width=&#8220;1\/1&#8243;][uncode_index el_id=&#8220;index-581783158&#8243; isotope_mode=&#8220;fitRows&#8220; loop=&#8220;size:8|order_by:date|post_type:product|tax_query:24|taxonomy_count:10&#8243; screen_lg=&#8220;1000&#8243; screen_md=&#8220;600&#8243; screen_sm=&#8220;480&#8243; filtering=&#8220;yes&#8220; filtering_uppercase=&#8220;yes&#8220; filtering_full_width=&#8220;yes&#8220; filtering_position=&#8220;right&#8220; filter_mobile=&#8220;yes&#8220; filter_all_opposite=&#8220;yes&#8220; gutter_size=&#8220;3&#8243; post_items=&#8220;media|featured|onpost|poster,date,title,text|excerpt|90,category|bordered|topright|hide-icon&#8220; product_items=&#8220;media|featured|onpost|original|show-sale|enhanced-atc|inherit-w-atc|atc-typo-default|show-atc,title&#8220; portfolio_items=&#8220;media|featured|onpost|original,title,icon|sm&#8220; images_size=&#8220;three-four&#8220; single_overlay_color=&#8220;color-wayh&#8220; single_overlay_opacity=&#8220;5&#8243; single_image_magnetic=&#8220;yes&#8220; single_h_align=&#8220;center&#8220; single_padding=&#8220;2&#8243; single_title_family=&#8220;font-201726&#8243; single_title_dimension=&#8220;h3&#8243; single_title_weight=&#8220;300&#8243; single_border=&#8220;yes&#8220; single_css_animation=&#8220;bottom-t-top&#8220; single_animation_delay=&#8220;200&#8243; custom_order=&#8220;yes&#8220; single_icon=&#8220;fa fa-plus2&#8243; uncode_shortcode_id=&#8220;110406&#8243; order_ids=&#8220;165,190,194&#8243;][\/vc_column][\/vc_row][vc_row row_height_percent=&#8220;0&#8243; override_padding=&#8220;yes&#8220; h_padding=&#8220;1&#8243; top_padding=&#8220;2&#8243; bottom_padding=&#8220;2&#8243; overlay_alpha=&#8220;50&#8243; gutter_size=&#8220;3&#8243; column_width_percent=&#8220;100&#8243; shift_y=&#8220;0&#8243; z_index=&#8220;0&#8243; uncode_shortcode_id=&#8220;281275&#8243;][vc_column column_width_percent=&#8220;100&#8243; gutter_size=&#8220;3&#8243; overlay_alpha=&#8220;50&#8243; shift_x=&#8220;0&#8243; shift_y=&#8220;0&#8243; shift_y_down=&#8220;0&#8243; z_index=&#8220;0&#8243; align_medium=&#8220;align_center_tablet&#8220; medium_width=&#8220;0&#8243; align_mobile=&#8220;align_center_mobile&#8220; mobile_width=&#8220;0&#8243; width=&#8220;1\/2&#8243; uncode_shortcode_id=&#8220;106715&#8243;][vc_row_inner][vc_column_inner column_width_percent=&#8220;100&#8243; gutter_size=&#8220;3&#8243; overlay_alpha=&#8220;50&#8243; shift_x=&#8220;0&#8243; shift_y=&#8220;0&#8243; shift_y_down=&#8220;-5&#8243; z_index=&#8220;0&#8243; medium_width=&#8220;0&#8243; mobile_width=&#8220;0&#8243; width=&#8220;1\/1&#8243; uncode_shortcode_id=&#8220;205465&#8243; el_class=&#8220;schriftzug&#8220;][vc_single_image media=&#8220;387&#8243; media_width_use_pixel=&#8220;yes&#8220; uncode_shortcode_id=&#8220;265954&#8243; media_width_pixel=&#8220;180&#8243;][\/vc_column_inner][\/vc_row_inner][vc_custom_heading heading_semantic=&#8220;h1&#8243; text_size=&#8220;h1&#8243; uncode_shortcode_id=&#8220;877178&#8243;]ROS\u00c9WEINE UND<br \/>\nROTWEINE[\/vc_custom_heading][\/vc_column][vc_column width=&#8220;1\/2&#8243;][vc_empty_space empty_h=&#8220;3&#8243; medium_visibility=&#8220;yes&#8220; mobile_visibility=&#8220;yes&#8220;][vc_row_inner][vc_column_inner column_width_percent=&#8220;100&#8243; gutter_size=&#8220;3&#8243; overlay_alpha=&#8220;50&#8243; shift_x=&#8220;0&#8243; shift_y=&#8220;0&#8243; shift_y_down=&#8220;-5&#8243; z_index=&#8220;0&#8243; medium_width=&#8220;0&#8243; mobile_width=&#8220;0&#8243; width=&#8220;1\/2&#8243; uncode_shortcode_id=&#8220;104741&#8243;][\/vc_column_inner][vc_column_inner column_width_percent=&#8220;100&#8243; position_vertical=&#8220;middle&#8220; gutter_size=&#8220;3&#8243; overlay_alpha=&#8220;50&#8243; shift_x=&#8220;0&#8243; shift_y=&#8220;0&#8243; shift_y_down=&#8220;0&#8243; z_index=&#8220;0&#8243; medium_width=&#8220;0&#8243; mobile_width=&#8220;0&#8243; width=&#8220;1\/2&#8243; uncode_shortcode_id=&#8220;293085&#8243;][\/vc_column_inner][\/vc_row_inner][vc_empty_space empty_h=&#8220;1&#8243;][\/vc_column][\/vc_row][vc_row row_height_percent=&#8220;0&#8243; override_padding=&#8220;yes&#8220; h_padding=&#8220;1&#8243; top_padding=&#8220;2&#8243; bottom_padding=&#8220;2&#8243; overlay_alpha=&#8220;50&#8243; gutter_size=&#8220;2&#8243; column_width_percent=&#8220;100&#8243; shift_y=&#8220;0&#8243; z_index=&#8220;0&#8243; uncode_shortcode_id=&#8220;117365&#8243;][vc_column column_width_percent=&#8220;100&#8243; gutter_size=&#8220;4&#8243; overlay_alpha=&#8220;50&#8243; shift_x=&#8220;0&#8243; shift_y=&#8220;0&#8243; shift_y_down=&#8220;0&#8243; z_index=&#8220;0&#8243; medium_width=&#8220;0&#8243; mobile_width=&#8220;0&#8243; width=&#8220;1\/1&#8243;][uncode_index el_id=&#8220;index-581783158&#8243; isotope_mode=&#8220;fitRows&#8220; loop=&#8220;size:8|order_by:date|post_type:product|tax_query:25|taxonomy_count:10&#8243; screen_lg=&#8220;1000&#8243; screen_md=&#8220;600&#8243; screen_sm=&#8220;480&#8243; filtering=&#8220;yes&#8220; filtering_uppercase=&#8220;yes&#8220; filtering_full_width=&#8220;yes&#8220; filtering_position=&#8220;right&#8220; filter_mobile=&#8220;yes&#8220; filter_all_opposite=&#8220;yes&#8220; gutter_size=&#8220;3&#8243; post_items=&#8220;media|featured|onpost|poster,date,title,text|excerpt|90,category|bordered|topright|hide-icon&#8220; product_items=&#8220;media|featured|onpost|original|show-sale|enhanced-atc|inherit-w-atc|atc-typo-default|show-atc,title&#8220; portfolio_items=&#8220;media|featured|onpost|original,title,icon|sm&#8220; images_size=&#8220;three-four&#8220; single_overlay_color=&#8220;color-wayh&#8220; single_overlay_opacity=&#8220;5&#8243; single_image_magnetic=&#8220;yes&#8220; single_h_align=&#8220;center&#8220; single_padding=&#8220;2&#8243; single_title_family=&#8220;font-201726&#8243; single_title_dimension=&#8220;h3&#8243; single_title_weight=&#8220;300&#8243; single_border=&#8220;yes&#8220; single_css_animation=&#8220;bottom-t-top&#8220; single_animation_delay=&#8220;200&#8243; custom_order=&#8220;yes&#8220; single_icon=&#8220;fa fa-plus2&#8243; uncode_shortcode_id=&#8220;207062&#8243; order_ids=&#8220;186,173,177&#8243;][\/vc_column][\/vc_row][vc_row][vc_column width=&#8220;1\/1&#8243;][vc_empty_space empty_h=&#8220;2&#8243;][\/vc_column][\/vc_row][vc_row row_height_percent=&#8220;0&#8243; back_image=&#8220;212&#8243; overlay_alpha=&#8220;50&#8243; gutter_size=&#8220;3&#8243; column_width_percent=&#8220;100&#8243; shift_y=&#8220;0&#8243; z_index=&#8220;0&#8243; uncode_shortcode_id=&#8220;116737&#8243; row_height_pixel=&#8220;300&#8243;][vc_column width=&#8220;1\/1&#8243;][vc_empty_space empty_h=&#8220;5&#8243;][\/vc_column][\/vc_row][vc_row row_height_percent=&#8220;0&#8243; overlay_alpha=&#8220;50&#8243; gutter_size=&#8220;3&#8243; column_width_percent=&#8220;100&#8243; shift_y=&#8220;0&#8243; z_index=&#8220;0&#8243; uncode_shortcode_id=&#8220;581520&#8243; shape_dividers=&#8220;&#8220; row_name=&#8220;riedenkarte&#8220;][vc_column column_width_percent=&#8220;100&#8243; position_vertical=&#8220;middle&#8220; align_horizontal=&#8220;align_center&#8220; gutter_size=&#8220;3&#8243; overlay_alpha=&#8220;50&#8243; shift_x=&#8220;0&#8243; shift_y=&#8220;0&#8243; shift_y_down=&#8220;0&#8243; z_index=&#8220;0&#8243; medium_width=&#8220;0&#8243; mobile_width=&#8220;0&#8243; width=&#8220;1\/1&#8243; uncode_shortcode_id=&#8220;143055&#8243;][vc_empty_space empty_h=&#8220;1&#8243;][vc_custom_heading uncode_shortcode_id=&#8220;135977&#8243;]UNSERE RIEDEN[\/vc_custom_heading][\/vc_column][\/vc_row][vc_row][vc_column column_width_percent=&#8220;100&#8243; position_vertical=&#8220;middle&#8220; align_horizontal=&#8220;align_center&#8220; gutter_size=&#8220;3&#8243; overlay_alpha=&#8220;50&#8243; shift_x=&#8220;0&#8243; shift_y=&#8220;0&#8243; shift_y_down=&#8220;0&#8243; z_index=&#8220;0&#8243; medium_width=&#8220;0&#8243; mobile_width=&#8220;0&#8243; width=&#8220;1\/1&#8243; uncode_shortcode_id=&#8220;326271&#8243;][vc_column_text uncode_shortcode_id=&#8220;185325&#8243;]<div class=\"cq-hotspot-container\"><div class=\"hotspot-container cq-hotspot-icon-small\" data-slideshow=\"false\" data-slideshowdelay=\"5\" data-maxwidth=\"\" data-triggerby=\"mouseover\"  data-dropinease=\"false\"  data-animation=\"grow\" data-tooltipstyle=\"shadow\"><span class=\"cq-hotspot-tooltip cq-pulse-white\" data-cqtooltip=\"\" data-top=\"65.96974343453041%\" data-left=\"57.535148514851485%\" data-link=\"\" data-direction=\"top\" data-target=\"_self\" data-isdisplay=\"no\"  data-islightbox=\"no\" href=\"\" style=\"left:57.535148514851485%;top:65.96974343453041%;\"><i class=\"cq-hotspot-icon icon-circle-empty\" style=\"background-color:rgb(221,153,51);color:rgb(221,153,51);\" data-iconcolor=\"rgb(221,153,51)\" data-iconbg=\"rgb(221,153,51)\"><\/i><br \/><span class=\"cq-hotspot-label\" style=\"visibility:hidden;\"><\/span><div class=\"cq-hotspot-tooltipcontent\">WEINGUT FICHTENBAUER-MOLD<\/div><\/span><span class=\"cq-hotspot-tooltip \" data-cqtooltip=\"\" data-top=\"72.39724564352835%\" data-left=\"56.78670360110804%\" data-link=\"\" data-direction=\"top\" data-target=\"_self\" data-isdisplay=\"no\"  data-islightbox=\"no\" href=\"\" style=\"left:56.78670360110804%;top:72.39724564352835%;\"><i class=\"cq-hotspot-icon icon-circle\" style=\"background-color:rgb(129,145,63);color:rgb(129,145,63);\" data-iconcolor=\"rgb(129,145,63)\" data-iconbg=\"rgb(129,145,63)\"><\/i><br \/><span class=\"cq-hotspot-label\" style=\"visibility:hidden;\"><\/span><div class=\"cq-hotspot-tooltipcontent\">RIED PANZAUN<\/div><\/span><span class=\"cq-hotspot-tooltip \" data-cqtooltip=\"\" data-top=\"41.905612906276545%\" data-left=\"54.84764542936288%\" data-link=\"\" data-direction=\"top\" data-target=\"_self\" data-isdisplay=\"no\"  data-islightbox=\"no\" href=\"\" style=\"left:54.84764542936288%;top:41.905612906276545%;\"><i class=\"cq-hotspot-icon icon-circle\" style=\"background-color:rgb(129,145,63);color:rgb(129,145,63);\" data-iconcolor=\"rgb(129,145,63)\" data-iconbg=\"rgb(129,145,63)\"><\/i><br \/><span class=\"cq-hotspot-label\" style=\"visibility:hidden;\"><\/span><div class=\"cq-hotspot-tooltipcontent\">RIED DECHANT<\/div><\/span><span class=\"cq-hotspot-tooltip \" data-cqtooltip=\"\" data-top=\"45.16675009742647%\" data-left=\"47.64542936288089%\" data-link=\"\" data-direction=\"top\" data-target=\"_self\" data-isdisplay=\"no\"  data-islightbox=\"no\" href=\"\" style=\"left:47.64542936288089%;top:45.16675009742647%;\"><i class=\"cq-hotspot-icon icon-circle\" style=\"background-color:rgb(129,145,63);color:rgb(129,145,63);\" data-iconcolor=\"rgb(129,145,63)\" data-iconbg=\"rgb(129,145,63)\"><\/i><br \/><span class=\"cq-hotspot-label\" style=\"visibility:hidden;\"><\/span><div class=\"cq-hotspot-tooltipcontent\">RIED STEINHAUS<\/div><\/span><img decoding=\"async\" src=\"https:\/\/www.pixelweise.xyz\/fichtenbauer-mold.at\/wp-content\/uploads\/Riedenkarte_neu-2.jpg\" class=\"popover-image\"  \/><\/div><\/div>[\/vc_column_text][vc_column_text uncode_shortcode_id=&#8220;121664&#8243;]Unsere Einzellagenweine wachsen in drei ausgew\u00e4hlten Rieden, deren Weing\u00e4rten \u00fcber viele Jahre verl\u00e4sslich die besten Trauben hervorbringen.[\/vc_column_text][\/vc_column][\/vc_row][vc_row][vc_column width=&#8220;1\/2&#8243;][vc_custom_heading uncode_shortcode_id=&#8220;320239&#8243;]RIED PANZAUN[\/vc_custom_heading][vc_column_text uncode_shortcode_id=&#8220;442165&#8243;]Auf einem Hochplateau s\u00fcdlich von Langenlois, auf etwa 220 bis 290 Meter Seeh\u00f6he, liegt diese reine L\u00f6ss-Lage mit ihren vorwiegend flachen Weing\u00e4rten. Mit einer ausgewogenen mineralogischen Zusammensetzung ist ihr lehmig-sandiges, gut speicherf\u00e4higes Terroir der ideale Boden f\u00fcr sortentypische Gr\u00fcne Veltliner.[\/vc_column_text][vc_empty_space empty_h=&#8220;5&#8243;][vc_custom_heading uncode_shortcode_id=&#8220;318654&#8243;]RIED DECHANT[\/vc_custom_heading][vc_column_text uncode_shortcode_id=&#8220;184752&#8243;]Die Ried Dechant auf etwa 260 bis 320 Meter Seeh\u00f6he liegt im Norden von Langenlois. Ihre tiefgr\u00fcndigen L\u00f6ssb\u00f6den sorgen f\u00fcr eine optimale Wasserversorgung der Rebst\u00f6cke. Durch ihre s\u00fcd\u00f6stliche Ausrichtung ist die Lage windgesch\u00fctzt, was eine besonders gleichm\u00e4\u00dfige Reifung der Trauben erm\u00f6glicht.[\/vc_column_text][\/vc_column][vc_column width=&#8220;1\/2&#8243;][vc_empty_space empty_h=&#8220;4&#8243;][vc_custom_heading uncode_shortcode_id=&#8220;859047&#8243;]RIED STEINHAUS[\/vc_custom_heading][vc_column_text uncode_shortcode_id=&#8220;268482&#8243;]Die steile Terrassenlage mit S\u00fcdausrichtung liegt im Nordwesten von Langenlois auf 230 bis 360 Meter Seeh\u00f6he. Den Untergrund bildet dunkler Amphibolit, der stellenweise von auff\u00e4lligen G\u00e4ngen aus hellen Gesteinen durchzogen wird. Der Oberboden besteht aus einer sehr geringen Auflage aus lehmigem bis sandigem Ton im Zusammenspiel mit Gneis und Glimmerschiefer. Der hohe Steinanteil speichert tags\u00fcber W\u00e4rme und gibt sie nachts ab, was zu einer besonders gleichm\u00e4\u00dfigen Reifung und Auspr\u00e4gung der Terroir-typischen Aromatik f\u00fchrt.[\/vc_column_text][\/vc_column][\/vc_row][vc_row][vc_column width=&#8220;1\/1&#8243;][vc_empty_space empty_h=&#8220;1&#8243;][\/vc_column][\/vc_row]<\/p>\n<\/section>","protected":false},"excerpt":{"rendered":"<p>[vc_row row_height_percent=&#8220;0&#8243; override_padding=&#8220;yes&#8220; h_padding=&#8220;1&#8243; top_padding=&#8220;2&#8243; bottom_padding=&#8220;2&#8243; overlay_alpha=&#8220;50&#8243; gutter_size=&#8220;3&#8243; column_width_percent=&#8220;100&#8243; shift_y=&#8220;0&#8243; z_index=&#8220;0&#8243; uncode_shortcode_id=&#8220;281275&#8243;][vc_column column_width_percent=&#8220;100&#8243; gutter_size=&#8220;3&#8243; overlay_alpha=&#8220;50&#8243; shift_x=&#8220;0&#8243; shift_y=&#8220;0&#8243; shift_y_down=&#8220;0&#8243; z_index=&#8220;0&#8243; align_medium=&#8220;align_center_tablet&#8220; [&hellip;]<\/p>\n","protected":false},"author":1,"featured_media":0,"parent":0,"menu_order":0,"comment_status":"closed","ping_status":"closed","template":"","meta":{"footnotes":""},"class_list":["post-16","page","type-page","status-publish","hentry"],"acf":[],"_links":{"self":[{"href":"https:\/\/www.pixelweise.xyz\/fichtenbauer-mold.at\/wp-json\/wp\/v2\/pages\/16","targetHints":{"allow":["GET"]}}],"collection":[{"href":"https:\/\/www.pixelweise.xyz\/fichtenbauer-mold.at\/wp-json\/wp\/v2\/pages"}],"about":[{"href":"https:\/\/www.pixelweise.xyz\/fichtenbauer-mold.at\/wp-json\/wp\/v2\/types\/page"}],"author":[{"embeddable":true,"href":"https:\/\/www.pixelweise.xyz\/fichtenbauer-mold.at\/wp-json\/wp\/v2\/users\/1"}],"replies":[{"embeddable":true,"href":"https:\/\/www.pixelweise.xyz\/fichtenbauer-mold.at\/wp-json\/wp\/v2\/comments?post=16"}],"version-history":[{"count":48,"href":"https:\/\/www.pixelweise.xyz\/fichtenbauer-mold.at\/wp-json\/wp\/v2\/pages\/16\/revisions"}],"predecessor-version":[{"id":464,"href":"https:\/\/www.pixelweise.xyz\/fichtenbauer-mold.at\/wp-json\/wp\/v2\/pages\/16\/revisions\/464"}],"wp:attachment":[{"href":"https:\/\/www.pixelweise.xyz\/fichtenbauer-mold.at\/wp-json\/wp\/v2\/media?parent=16"}],"curies":[{"name":"wp","href":"https:\/\/api.w.org\/{rel}","templated":true}]}}